{"id":552,"date":"2018-12-04T14:58:52","date_gmt":"2018-12-04T14:58:52","guid":{"rendered":"https:\/\/football4inclusion.com\/?page_id=552"},"modified":"2025-11-24T16:24:17","modified_gmt":"2025-11-24T15:24:17","slug":"volunteers","status":"publish","type":"page","link":"https:\/\/football4inclusion.com\/en\/volunteers\/","title":{"rendered":"Volunteers"},"content":{"rendered":"\t\t<div data-elementor-type=\"wp-post\" data-elementor-id=\"552\" class=\"elementor elementor-552\">\n\t\t\t\t\t\t\t\t\t<section class=\"elementor-section elementor-top-section elementor-element elementor-element-5bf2132 elementor-section-boxed elementor-section-height-default elementor-section-height-default\" data-id=\"5bf2132\" data-element_type=\"section\">\n\t\t\t\t\t\t<div class=\"elementor-container elementor-column-gap-extended\">\n\t\t\t\t\t<div class=\"elementor-column elementor-col-50 elementor-top-column elementor-element elementor-element-216580f sc_inner_width_none sc_layouts_column_icons_position_left\" data-id=\"216580f\" data-element_type=\"column\">\n\t\t\t<div class=\"elementor-widget-wrap elementor-element-populated\">\n\t\t\t\t\t\t\t\t<div class=\"elementor-element elementor-element-335e12e sc_height_large sc_fly_static elementor-widget elementor-widget-spacer\" data-id=\"335e12e\" data-element_type=\"widget\" data-widget_type=\"spacer.default\">\n\t\t\t\t<div class=\"elementor-widget-container\">\n\t\t\t\t\t<div class=\"elementor-spacer\">\n\t\t\t<div class=\"elementor-spacer-inner\"><\/div>\n\t\t<\/div>\n\t\t\t\t<\/div>\n\t\t\t\t<\/div>\n\t\t\t\t<div class=\"elementor-element elementor-element-20e015f sc_fly_static elementor-widget elementor-widget-trx_sc_title\" data-id=\"20e015f\" data-element_type=\"widget\" data-widget_type=\"trx_sc_title.default\">\n\t\t\t\t<div class=\"elementor-widget-container\">\n\t\t\t<div id=\"trx_sc_title_732633003\"\n\t\tclass=\"sc_title sc_title_default\"><span class=\"sc_item_subtitle sc_title_subtitle sc_item_subtitle_above sc_item_title_style_default\">herzenssache<\/span><h2 class=\"sc_item_title sc_title_title sc_item_title_style_default\"><span class=\"sc_item_title_text\">Sei ein Volunteer<\/span><\/h2><\/div><!-- \/.sc_title -->\t\t<\/div>\n\t\t\t\t<\/div>\n\t\t\t\t<div class=\"elementor-element elementor-element-aed3722 sc_fly_static elementor-widget elementor-widget-text-editor\" data-id=\"aed3722\" data-element_type=\"widget\" data-widget_type=\"text-editor.default\">\n\t\t\t\t<div class=\"elementor-widget-container\">\n\t\t\t\t\t\t\t<p>Hast du Lust, zwischen dem <strong>06. und 09. August 2026<\/strong>\u00a0unvergessliche Erfahrungen zu sammeln? Jede Unterst\u00fctzung z\u00e4hlt, um diesen inklusiven Anlass erfolgreich umzusetzen.<\/p><p>Wir bieten dir die M\u00f6glichkeit, uns entweder w\u00e4hrend des gesamten Anlasses oder auch nur f\u00fcr bestimmte Zeitr\u00e4ume in verschiedenen Bereichen zu unterst\u00fctzen.<\/p><p>Als Volunteer wirst du bereichernde Tage mit internationalen Teilnehmer:innen erleben und die immense Freude aller Beteiligten sp\u00fcren.<\/p>\t\t\t\t\t\t<\/div>\n\t\t\t\t<\/div>\n\t\t\t\t<div class=\"elementor-element elementor-element-5917c1c sc_height_large sc_fly_static elementor-widget elementor-widget-spacer\" data-id=\"5917c1c\" data-element_type=\"widget\" data-widget_type=\"spacer.default\">\n\t\t\t\t<div class=\"elementor-widget-container\">\n\t\t\t\t\t<div class=\"elementor-spacer\">\n\t\t\t<div class=\"elementor-spacer-inner\"><\/div>\n\t\t<\/div>\n\t\t\t\t<\/div>\n\t\t\t\t<\/div>\n\t\t\t\t\t<\/div>\n\t\t<\/div>\n\t\t\t\t<div class=\"elementor-column elementor-col-50 elementor-top-column elementor-element elementor-element-a35f702 sc_inner_width_none sc_layouts_column_icons_position_left\" data-id=\"a35f702\" data-element_type=\"column\">\n\t\t\t<div class=\"elementor-widget-wrap elementor-element-populated\">\n\t\t\t\t\t\t\t\t<div class=\"elementor-element elementor-element-ccc1539 sc_height_large sc_fly_static elementor-widget elementor-widget-spacer\" data-id=\"ccc1539\" data-element_type=\"widget\" data-widget_type=\"spacer.default\">\n\t\t\t\t<div class=\"elementor-widget-container\">\n\t\t\t\t\t<div class=\"elementor-spacer\">\n\t\t\t<div class=\"elementor-spacer-inner\"><\/div>\n\t\t<\/div>\n\t\t\t\t<\/div>\n\t\t\t\t<\/div>\n\t\t\t\t<div class=\"elementor-element elementor-element-6ab3e78 sc_fly_static elementor-widget elementor-widget-trx_widget_video\" data-id=\"6ab3e78\" data-element_type=\"widget\" data-widget_type=\"trx_widget_video.default\">\n\t\t\t\t<div class=\"elementor-widget-container\">\n\t\t\t<div id=\"trx_widget_video_730045101\" class=\"widget_area sc_widget_video\"><aside id=\"trx_widget_video_730045101_widget\" class=\"widget widget_video\"><div id=\"sc_video_1886932303\" class=\"trx_addons_video_player without_cover\"><div class=\"video_embed video_frame\"><iframe title=\"12. International Helvetia Cup - Fussball f\u00fcr Inklusion 2024 Highlights\" width=\"1278\" height=\"719\" src=\"https:\/\/www.youtube.com\/embed\/FqhUftRDLik?start=11&feature=oembed\"  allow=\"accelerometer; autoplay; clipboard-write; encrypted-media; gyroscope; picture-in-picture; web-share\" referrerpolicy=\"strict-origin-when-cross-origin\" allowfullscreen><\/iframe><\/div><\/div><\/aside><\/div>\t\t<\/div>\n\t\t\t\t<\/div>\n\t\t\t\t<div class=\"elementor-element elementor-element-50b337d sc_height_large sc_fly_static elementor-widget elementor-widget-spacer\" data-id=\"50b337d\" data-element_type=\"widget\" data-widget_type=\"spacer.default\">\n\t\t\t\t<div class=\"elementor-widget-container\">\n\t\t\t\t\t<div class=\"elementor-spacer\">\n\t\t\t<div class=\"elementor-spacer-inner\"><\/div>\n\t\t<\/div>\n\t\t\t\t<\/div>\n\t\t\t\t<\/div>\n\t\t\t\t\t<\/div>\n\t\t<\/div>\n\t\t\t\t\t\t\t<\/div>\n\t\t<\/section>\n\t\t\t\t<section class=\"elementor-section elementor-top-section elementor-element elementor-element-481553b elementor-section-stretched elementor-section-boxed elementor-section-height-default elementor-section-height-default\" data-id=\"481553b\" data-element_type=\"section\" data-settings=\"{&quot;stretch_section&quot;:&quot;section-stretched&quot;,&quot;background_background&quot;:&quot;classic&quot;}\">\n\t\t\t\t\t\t<div class=\"elementor-container elementor-column-gap-extended\">\n\t\t\t\t\t<div class=\"elementor-column elementor-col-100 elementor-top-column elementor-element elementor-element-df108be sc_inner_width_none sc_layouts_column_icons_position_left\" data-id=\"df108be\" data-element_type=\"column\">\n\t\t\t<div class=\"elementor-widget-wrap elementor-element-populated\">\n\t\t\t\t\t\t\t\t<div class=\"elementor-element elementor-element-5372f6e sc_height_large sc_fly_static elementor-widget elementor-widget-spacer\" data-id=\"5372f6e\" data-element_type=\"widget\" data-widget_type=\"spacer.default\">\n\t\t\t\t<div class=\"elementor-widget-container\">\n\t\t\t\t\t<div class=\"elementor-spacer\">\n\t\t\t<div class=\"elementor-spacer-inner\"><\/div>\n\t\t<\/div>\n\t\t\t\t<\/div>\n\t\t\t\t<\/div>\n\t\t\t\t<div class=\"elementor-element elementor-element-6d35c61 sc_fly_static elementor-invisible elementor-widget elementor-widget-trx_sc_title\" data-id=\"6d35c61\" data-element_type=\"widget\" data-settings=\"{&quot;_animation&quot;:&quot;fadeIn&quot;}\" data-widget_type=\"trx_sc_title.default\">\n\t\t\t\t<div class=\"elementor-widget-container\">\n\t\t\t<div id=\"trx_sc_title_1956292981\"\n\t\tclass=\"sc_title sc_title_default\"><span class=\"sc_item_subtitle sc_title_subtitle sc_align_left sc_item_subtitle_above sc_item_title_style_default\">Wir suchen dich<\/span><h1 class=\"sc_item_title sc_title_title sc_align_left sc_item_title_style_default sc_item_title_tag\"><span class=\"sc_item_title_text\">Dein Einsatz<\/span><\/h1><\/div><!-- \/.sc_title -->\t\t<\/div>\n\t\t\t\t<\/div>\n\t\t\t\t<div class=\"elementor-element elementor-element-80489c1 sc_fly_static elementor-widget elementor-widget-text-editor\" data-id=\"80489c1\" data-element_type=\"widget\" data-widget_type=\"text-editor.default\">\n\t\t\t\t<div class=\"elementor-widget-container\">\n\t\t\t\t\t\t\t<p>Wenn du eine aufgeschlossene Einstellung hast, eine Leidenschaft f\u00fcr Sport und Zuverl\u00e4ssigkeit mitbringst sowie deine Begeisterung f\u00fcr soziales Engagement im Bereich der inklusiven Fussballf\u00f6rderung ausleben m\u00f6chtest, dann bist du bei uns genau richtig.<\/p><p>Bei uns erwartet dich nicht nur Spass, sondern auch eine einzigartige Erfahrung in einem internationalen Umfeld, die dir immer in Erinnerung bleiben wird. Das Turnier dauert 4 Tage vom 06.-09.08.2026. Arbeitszeiten sind variabel.<\/p>\t\t\t\t\t\t<\/div>\n\t\t\t\t<\/div>\n\t\t\t\t\t<\/div>\n\t\t<\/div>\n\t\t\t\t\t\t\t<\/div>\n\t\t<\/section>\n\t\t\t\t<section class=\"elementor-section elementor-top-section elementor-element elementor-element-8fbbede elementor-section-stretched elementor-section-boxed elementor-section-height-default elementor-section-height-default\" data-id=\"8fbbede\" data-element_type=\"section\" data-settings=\"{&quot;stretch_section&quot;:&quot;section-stretched&quot;,&quot;background_background&quot;:&quot;classic&quot;}\">\n\t\t\t\t\t\t<div class=\"elementor-container elementor-column-gap-extended\">\n\t\t\t\t\t<div class=\"elementor-column elementor-col-50 elementor-top-column elementor-element elementor-element-ea811d8 sc_inner_width_none sc_layouts_column_icons_position_left\" data-id=\"ea811d8\" data-element_type=\"column\">\n\t\t\t<div class=\"elementor-widget-wrap elementor-element-populated\">\n\t\t\t\t\t\t\t\t<div class=\"elementor-element elementor-element-de5dc58 sc_fly_static elementor-widget elementor-widget-spacer\" data-id=\"de5dc58\" data-element_type=\"widget\" data-widget_type=\"spacer.default\">\n\t\t\t\t<div class=\"elementor-widget-container\">\n\t\t\t\t\t<div class=\"elementor-spacer\">\n\t\t\t<div class=\"elementor-spacer-inner\"><\/div>\n\t\t<\/div>\n\t\t\t\t<\/div>\n\t\t\t\t<\/div>\n\t\t\t\t<div class=\"elementor-element elementor-element-c1fb476 sc_fly_static elementor-widget elementor-widget-text-editor\" data-id=\"c1fb476\" data-element_type=\"widget\" data-widget_type=\"text-editor.default\">\n\t\t\t\t<div class=\"elementor-widget-container\">\n\t\t\t\t\t\t\t<p><strong>Einsatzm\u00f6glichkeiten:<\/strong><\/p><ul><li>Mannschaftsbetreuung U17<\/li><li>Betreuung der Teams f\u00fcr Menschen mit Beeintr\u00e4chtigung<\/li><li>Festwirtschaft &#8211; Getr\u00e4nkeausschank, Essensausgabe<\/li><li>Koordination Trainings- und Spielmaterial sowie Tenue-W\u00e4sche<\/li><li>Unterst\u00fctzung der Turnierleitung<\/li><li>Social Media &amp; Kommunikation<\/li><li>und Weiteres<\/li><\/ul>\t\t\t\t\t\t<\/div>\n\t\t\t\t<\/div>\n\t\t\t\t\t<\/div>\n\t\t<\/div>\n\t\t\t\t<div class=\"elementor-column elementor-col-50 elementor-top-column elementor-element elementor-element-cb92631 sc_inner_width_none sc_layouts_column_icons_position_left\" data-id=\"cb92631\" data-element_type=\"column\">\n\t\t\t<div class=\"elementor-widget-wrap elementor-element-populated\">\n\t\t\t\t\t\t\t\t<div class=\"elementor-element elementor-element-a3104fd sc_fly_static elementor-widget elementor-widget-spacer\" data-id=\"a3104fd\" data-element_type=\"widget\" data-widget_type=\"spacer.default\">\n\t\t\t\t<div class=\"elementor-widget-container\">\n\t\t\t\t\t<div class=\"elementor-spacer\">\n\t\t\t<div class=\"elementor-spacer-inner\"><\/div>\n\t\t<\/div>\n\t\t\t\t<\/div>\n\t\t\t\t<\/div>\n\t\t\t\t<div class=\"elementor-element elementor-element-fce09f6 sc_fly_static elementor-widget elementor-widget-text-editor\" data-id=\"fce09f6\" data-element_type=\"widget\" data-widget_type=\"text-editor.default\">\n\t\t\t\t<div class=\"elementor-widget-container\">\n\t\t\t\t\t\t\t<p><strong>Wir bieten:\u00a0<\/strong><\/p><ul><li><span class=\"OYPEnA text-decoration-none text-strikethrough-none\">Einen interessanten Anlass mit internationaler Atmosph\u00e4re und sozialer Ausrichtung<\/span><\/li><li><span class=\"OYPEnA text-decoration-none text-strikethrough-none\">Mitarbeit in einem motivierten und sozial engagierten Team<\/span><\/li><li><span class=\"OYPEnA text-decoration-none text-strikethrough-none\">Freie Verpflegung und sofern ben\u00f6tigt freie Unterkunft<\/span><\/li><li><span class=\"OYPEnA text-decoration-none text-strikethrough-none\">Unvergessliche Eindr\u00fccke<\/span><\/li><li><span class=\"OYPEnA text-decoration-none text-strikethrough-none\">Abwechslungsreiche Projektwoche<\/span><\/li><li><span class=\"OYPEnA text-decoration-none text-strikethrough-none\">Volunteer-Zertifikat <\/span><span class=\"OYPEnA text-decoration-none text-strikethrough-none\">(je nach Dauer und Art des Engagements kann die Volunteer-T\u00e4tigkeit als Praktikum anerkannt werden)<\/span><\/li><\/ul>\t\t\t\t\t\t<\/div>\n\t\t\t\t<\/div>\n\t\t\t\t\t<\/div>\n\t\t<\/div>\n\t\t\t\t\t\t\t<\/div>\n\t\t<\/section>\n\t\t\t\t<section class=\"elementor-section elementor-top-section elementor-element elementor-element-3862820 elementor-section-stretched elementor-section-boxed elementor-section-height-default elementor-section-height-default\" data-id=\"3862820\" data-element_type=\"section\" data-settings=\"{&quot;stretch_section&quot;:&quot;section-stretched&quot;,&quot;background_background&quot;:&quot;classic&quot;}\">\n\t\t\t\t\t\t<div class=\"elementor-container elementor-column-gap-extended\">\n\t\t\t\t\t<div class=\"elementor-column elementor-col-100 elementor-top-column elementor-element elementor-element-9356269 sc_inner_width_none sc_layouts_column_icons_position_left\" data-id=\"9356269\" data-element_type=\"column\">\n\t\t\t<div class=\"elementor-widget-wrap elementor-element-populated\">\n\t\t\t\t\t\t\t\t<div class=\"elementor-element elementor-element-81ec105 sc_height_large sc_fly_static elementor-widget elementor-widget-spacer\" data-id=\"81ec105\" data-element_type=\"widget\" data-widget_type=\"spacer.default\">\n\t\t\t\t<div class=\"elementor-widget-container\">\n\t\t\t\t\t<div class=\"elementor-spacer\">\n\t\t\t<div class=\"elementor-spacer-inner\"><\/div>\n\t\t<\/div>\n\t\t\t\t<\/div>\n\t\t\t\t<\/div>\n\t\t\t\t\t<\/div>\n\t\t<\/div>\n\t\t\t\t\t\t\t<\/div>\n\t\t<\/section>\n\t\t\t\t<section class=\"elementor-section elementor-top-section elementor-element elementor-element-40f47eac elementor-section-boxed elementor-section-height-default elementor-section-height-default\" data-id=\"40f47eac\" data-element_type=\"section\">\n\t\t\t\t\t\t<div class=\"elementor-container elementor-column-gap-extended\">\n\t\t\t\t\t<div class=\"elementor-column elementor-col-100 elementor-top-column elementor-element elementor-element-6628e092 sc_inner_width_none sc_layouts_column_icons_position_left\" data-id=\"6628e092\" data-element_type=\"column\">\n\t\t\t<div class=\"elementor-widget-wrap elementor-element-populated\">\n\t\t\t\t\t\t\t\t<div class=\"elementor-element elementor-element-874bc35 sc_height_large sc_fly_static elementor-widget elementor-widget-spacer\" data-id=\"874bc35\" data-element_type=\"widget\" data-widget_type=\"spacer.default\">\n\t\t\t\t<div class=\"elementor-widget-container\">\n\t\t\t\t\t<div class=\"elementor-spacer\">\n\t\t\t<div class=\"elementor-spacer-inner\"><\/div>\n\t\t<\/div>\n\t\t\t\t<\/div>\n\t\t\t\t<\/div>\n\t\t\t\t<div class=\"elementor-element elementor-element-61c32dc sc_fly_static elementor-invisible elementor-widget elementor-widget-trx_sc_title\" data-id=\"61c32dc\" data-element_type=\"widget\" data-settings=\"{&quot;_animation&quot;:&quot;fadeIn&quot;}\" data-widget_type=\"trx_sc_title.default\">\n\t\t\t\t<div class=\"elementor-widget-container\">\n\t\t\t<div id=\"trx_sc_title_2028812171\"\n\t\tclass=\"sc_title sc_title_default\"><span class=\"sc_item_subtitle sc_title_subtitle sc_align_left sc_item_subtitle_above sc_item_title_style_default\">los gehts<\/span><h1 class=\"sc_item_title sc_title_title sc_align_left sc_item_title_style_default sc_item_title_tag\"><span class=\"sc_item_title_text\">Jetzt anmelden<\/span><\/h1><div class=\"sc_item_descr sc_title_descr sc_align_left\"><p>Am besten meldest du dich direkt \u00fcber unser Formular an. <br \/>Falls du Fragen hast oder weitere Infos ben\u00f6tigst, dann melde dich bei uns unter <a href=\"mailto:info@helvetia-cup.com\">info@helvetia-cup.com<\/a><\/p>\n<\/div><\/div><!-- \/.sc_title -->\t\t<\/div>\n\t\t\t\t<\/div>\n\t\t\t\t<div class=\"elementor-element elementor-element-1075170 sc_fly_static elementor-widget elementor-widget-wpforms\" data-id=\"1075170\" data-element_type=\"widget\" data-widget_type=\"wpforms.default\">\n\t\t\t\t<div class=\"elementor-widget-container\">\n\t\t\t<div class=\"wpforms-container wpforms-container-full wpforms-render-modern\" id=\"wpforms-4613\"><form id=\"wpforms-form-4613\" class=\"wpforms-validate wpforms-form wpforms-ajax-form\" data-formid=\"4613\" method=\"post\" enctype=\"multipart\/form-data\" action=\"\/en\/wp-json\/wp\/v2\/pages\/552\" data-token=\"d1e1d2916396c6cc574cc395a5177424\" data-token-time=\"1776428514\"><noscript class=\"wpforms-error-noscript\">Please enable JavaScript in your browser to complete this form.<\/noscript><div id=\"wpforms-error-noscript\" style=\"display: none;\">Please enable JavaScript in your browser to complete this form.<\/div><div class=\"wpforms-field-container\"><div id=\"wpforms-4613-field_1-container\" class=\"wpforms-field wpforms-field-name\" data-field-id=\"1\"><fieldset><legend class=\"wpforms-field-label\">Name <span class=\"wpforms-required-label\" aria-hidden=\"true\">*<\/span><\/legend><div class=\"wpforms-field-row wpforms-field-large\"><div class=\"wpforms-field-row-block wpforms-first wpforms-one-half\"><input type=\"text\" id=\"wpforms-4613-field_1\" class=\"wpforms-field-name-first wpforms-field-required\" name=\"wpforms[fields][1][first]\" aria-errormessage=\"wpforms-4613-field_1-error\" required><label for=\"wpforms-4613-field_1\" class=\"wpforms-field-sublabel after\">First<\/label><\/div><div class=\"wpforms-field-row-block wpforms-one-half\"><input type=\"text\" id=\"wpforms-4613-field_1-last\" class=\"wpforms-field-name-last wpforms-field-required\" name=\"wpforms[fields][1][last]\" aria-errormessage=\"wpforms-4613-field_1-last-error\" required><label for=\"wpforms-4613-field_1-last\" class=\"wpforms-field-sublabel after\">Last<\/label><\/div><\/div><\/fieldset><\/div><div id=\"wpforms-4613-field_7-container\" class=\"wpforms-field wpforms-field-email wpforms-one-half wpforms-first\" data-field-id=\"7\"><label class=\"wpforms-field-label\" for=\"wpforms-4613-field_7\">Email <span class=\"wpforms-required-label\" aria-hidden=\"true\">*<\/span><\/label><input type=\"email\" id=\"wpforms-4613-field_7\" class=\"wpforms-field-large wpforms-field-required\" name=\"wpforms[fields][7]\" spellcheck=\"false\" aria-errormessage=\"wpforms-4613-field_7-error\" required><\/div><div id=\"wpforms-4613-field_10-container\" class=\"wpforms-field wpforms-field-text wpforms-one-half\" data-field-id=\"10\"><label class=\"wpforms-field-label\" for=\"wpforms-4613-field_10\">Telefon<\/label><input type=\"text\" id=\"wpforms-4613-field_10\" class=\"wpforms-field-large\" name=\"wpforms[fields][10]\" aria-errormessage=\"wpforms-4613-field_10-error\" ><\/div><div id=\"wpforms-4613-field_9-container\" class=\"wpforms-field wpforms-field-checkbox wpforms-list-2-columns\" data-field-id=\"9\"><fieldset><legend class=\"wpforms-field-label\">Ich unterst\u00fctze das Turnier in folgendem Bereich:<\/legend><ul id=\"wpforms-4613-field_9\"><li class=\"choice-1 depth-1\"><input type=\"checkbox\" id=\"wpforms-4613-field_9_1\" name=\"wpforms[fields][9][]\" value=\"Mannschaftsbetreuung U17\" aria-errormessage=\"wpforms-4613-field_9_1-error\"  ><label class=\"wpforms-field-label-inline\" for=\"wpforms-4613-field_9_1\">Mannschaftsbetreuung U17<\/label><\/li><li class=\"choice-2 depth-1\"><input type=\"checkbox\" id=\"wpforms-4613-field_9_2\" name=\"wpforms[fields][9][]\" value=\"Betreuung der Teams f\u00fcr Menschen mit Beeintr\u00e4chtigung\" aria-errormessage=\"wpforms-4613-field_9_2-error\"  ><label class=\"wpforms-field-label-inline\" for=\"wpforms-4613-field_9_2\">Betreuung der Teams f\u00fcr Menschen mit Beeintr\u00e4chtigung<\/label><\/li><li class=\"choice-3 depth-1\"><input type=\"checkbox\" id=\"wpforms-4613-field_9_3\" name=\"wpforms[fields][9][]\" value=\"Festwirtschaft (Getr\u00e4nkeausschank, Essensausgabe)\" aria-errormessage=\"wpforms-4613-field_9_3-error\"  ><label class=\"wpforms-field-label-inline\" for=\"wpforms-4613-field_9_3\">Festwirtschaft (Getr\u00e4nkeausschank, Essensausgabe)<\/label><\/li><li class=\"choice-4 depth-1\"><input type=\"checkbox\" id=\"wpforms-4613-field_9_4\" name=\"wpforms[fields][9][]\" value=\"Koordination Trainings- und Spielmaterial sowie Tenue-W\u00e4sche\" aria-errormessage=\"wpforms-4613-field_9_4-error\"  ><label class=\"wpforms-field-label-inline\" for=\"wpforms-4613-field_9_4\">Koordination Trainings- und Spielmaterial sowie Tenue-W\u00e4sche<\/label><\/li><li class=\"choice-5 depth-1\"><input type=\"checkbox\" id=\"wpforms-4613-field_9_5\" name=\"wpforms[fields][9][]\" value=\"Unterst\u00fctzung der Turnierleitung\" aria-errormessage=\"wpforms-4613-field_9_5-error\"  ><label class=\"wpforms-field-label-inline\" for=\"wpforms-4613-field_9_5\">Unterst\u00fctzung der Turnierleitung<\/label><\/li><li class=\"choice-6 depth-1\"><input type=\"checkbox\" id=\"wpforms-4613-field_9_6\" name=\"wpforms[fields][9][]\" value=\"Social Media &amp; Kommunikation\" aria-errormessage=\"wpforms-4613-field_9_6-error\"  ><label class=\"wpforms-field-label-inline\" for=\"wpforms-4613-field_9_6\">Social Media &amp; Kommunikation<\/label><\/li><li class=\"choice-7 depth-1\"><input type=\"checkbox\" id=\"wpforms-4613-field_9_7\" name=\"wpforms[fields][9][]\" value=\"offen f\u00fcr weiteres\" aria-errormessage=\"wpforms-4613-field_9_7-error\"  ><label class=\"wpforms-field-label-inline\" for=\"wpforms-4613-field_9_7\">offen f\u00fcr weiteres<\/label><\/li><\/ul><\/fieldset><\/div><div id=\"wpforms-4613-field_6-container\" class=\"wpforms-field wpforms-field-textarea\" data-field-id=\"6\"><label class=\"wpforms-field-label\" for=\"wpforms-4613-field_6\">M\u00f6chtest du uns noch etwas mitteilen?<\/label><textarea id=\"wpforms-4613-field_6\" class=\"wpforms-field-medium\" name=\"wpforms[fields][6]\" aria-errormessage=\"wpforms-4613-field_6-error\" ><\/textarea><\/div><\/div><!-- .wpforms-field-container --><div class=\"wpforms-recaptcha-container wpforms-is-recaptcha wpforms-is-recaptcha-type-v3\" ><input type=\"hidden\" name=\"wpforms[recaptcha]\" value=\"\"><\/div><div class=\"wpforms-submit-container\" ><input type=\"hidden\" name=\"wpforms[id]\" value=\"4613\"><input type=\"hidden\" name=\"page_title\" value=\"\"><input type=\"hidden\" name=\"page_url\" value=\"https:\/\/football4inclusion.com\/en\/wp-json\/wp\/v2\/pages\/552\"><input type=\"hidden\" name=\"url_referer\" value=\"\"><button type=\"submit\" name=\"wpforms[submit]\" id=\"wpforms-submit-4613\" class=\"wpforms-submit button-hvc\" data-alt-text=\"Senden...\" data-submit-text=\"Ich bin dabei\" aria-live=\"assertive\" value=\"wpforms-submit\">Ich bin dabei<\/button><img decoding=\"async\" src=\"https:\/\/football4inclusion.com\/wp-content\/plugins\/wpforms-lite\/assets\/images\/submit-spin.svg\" class=\"wpforms-submit-spinner\" style=\"display: none;\" width=\"26\" height=\"26\" alt=\"Loading\"><\/div><\/form><\/div>  <!-- .wpforms-container -->\t\t<\/div>\n\t\t\t\t<\/div>\n\t\t\t\t<div class=\"elementor-element elementor-element-68523b0d sc_fly_static elementor-widget elementor-widget-spacer\" data-id=\"68523b0d\" data-element_type=\"widget\" data-widget_type=\"spacer.default\">\n\t\t\t\t<div class=\"elementor-widget-container\">\n\t\t\t\t\t<div class=\"elementor-spacer\">\n\t\t\t<div class=\"elementor-spacer-inner\"><\/div>\n\t\t<\/div>\n\t\t\t\t<\/div>\n\t\t\t\t<\/div>\n\t\t\t\t\t<\/div>\n\t\t<\/div>\n\t\t\t\t\t\t\t<\/div>\n\t\t<\/section>\n\t\t\t\t\t\t\t<\/div>\n\t\t","protected":false},"excerpt":{"rendered":"<p>herzenssache Be a volunteer Would you like to gain unforgettable experiences between 6 and 9 August 2026? Every support counts to make this inclusive event a success. We offer you the opportunity to support us either during the entire event or...<\/p>","protected":false},"author":1,"featured_media":0,"parent":0,"menu_order":0,"comment_status":"closed","ping_status":"closed","template":"","meta":{"footnotes":""},"class_list":["post-552","page","type-page","status-publish","hentry"],"acf":[],"_links":{"self":[{"href":"https:\/\/football4inclusion.com\/en\/wp-json\/wp\/v2\/pages\/552","targetHints":{"allow":["GET"]}}],"collection":[{"href":"https:\/\/football4inclusion.com\/en\/wp-json\/wp\/v2\/pages"}],"about":[{"href":"https:\/\/football4inclusion.com\/en\/wp-json\/wp\/v2\/types\/page"}],"author":[{"embeddable":true,"href":"https:\/\/football4inclusion.com\/en\/wp-json\/wp\/v2\/users\/1"}],"replies":[{"embeddable":true,"href":"https:\/\/football4inclusion.com\/en\/wp-json\/wp\/v2\/comments?post=552"}],"version-history":[{"count":58,"href":"https:\/\/football4inclusion.com\/en\/wp-json\/wp\/v2\/pages\/552\/revisions"}],"predecessor-version":[{"id":7648,"href":"https:\/\/football4inclusion.com\/en\/wp-json\/wp\/v2\/pages\/552\/revisions\/7648"}],"wp:attachment":[{"href":"https:\/\/football4inclusion.com\/en\/wp-json\/wp\/v2\/media?parent=552"}],"curies":[{"name":"wp","href":"https:\/\/api.w.org\/{rel}","templated":true}]}}