{"id":4813,"date":"2023-12-10T16:57:40","date_gmt":"2023-12-10T15:57:40","guid":{"rendered":"https:\/\/football4inclusion.com\/?page_id=4813"},"modified":"2026-04-16T12:15:52","modified_gmt":"2026-04-16T10:15:52","slug":"ff15-frauenfussball","status":"publish","type":"page","link":"https:\/\/football4inclusion.com\/en\/ff15-frauenfussball\/","title":{"rendered":"FF17-JUNIORINNEN"},"content":{"rendered":"<div data-elementor-type=\"wp-page\" data-elementor-id=\"4813\" class=\"elementor elementor-4813\">\n\t\t\t\t\t\t\t\t\t<section class=\"elementor-section elementor-top-section elementor-element elementor-element-fea5300 elementor-section-boxed elementor-section-height-default elementor-section-height-default\" data-id=\"fea5300\" data-element_type=\"section\">\n\t\t\t\t\t\t<div class=\"elementor-container elementor-column-gap-extended\">\n\t\t\t\t\t<div class=\"elementor-column elementor-col-100 elementor-top-column elementor-element elementor-element-6ae33a2 sc_inner_width_none sc_layouts_column_icons_position_left\" data-id=\"6ae33a2\" data-element_type=\"column\">\n\t\t\t<div class=\"elementor-widget-wrap elementor-element-populated\">\n\t\t\t\t\t\t\t\t<div class=\"elementor-element elementor-element-e5f2c3f sc_fly_static elementor-widget elementor-widget-trx_sc_title\" data-id=\"e5f2c3f\" data-element_type=\"widget\" data-widget_type=\"trx_sc_title.default\">\n\t\t\t\t<div class=\"elementor-widget-container\">\n\t\t\t<div id=\"trx_sc_title_734585169\"\n\t\tclass=\"sc_title sc_title_default\"><span class=\"sc_item_subtitle sc_title_subtitle sc_item_subtitle_above sc_item_title_style_default\">Woman Power<\/span><h2 class=\"sc_item_title sc_title_title sc_item_title_style_default\"><span class=\"sc_item_title_text\">Women's football<\/span><\/h2><\/div><!-- \/.sc_title -->\t\t<\/div>\n\t\t\t\t<\/div>\n\t\t\t\t<div class=\"elementor-element elementor-element-1199f25 elementor-widget__width-initial sc_fly_static elementor-widget elementor-widget-text-editor\" data-id=\"1199f25\" data-element_type=\"widget\" data-widget_type=\"text-editor.default\">\n\t\t\t\t<div class=\"elementor-widget-container\">\n\t\t\t\t\t\t\t<p>It is very important to us that girls from the regional youth development programme have the opportunity to take part in the tournament. We want to give them the chance to live out their emotions and show that their dreams can come true, regardless of their gender. It is important to us to include them as full participants in the International Helvetia Cup - Football for Inclusion.<\/p>\t\t\t\t\t\t<\/div>\n\t\t\t\t<\/div>\n\t\t\t\t\t<\/div>\n\t\t<\/div>\n\t\t\t\t\t\t\t<\/div>\n\t\t<\/section>\n\t\t\t\t<section class=\"elementor-section elementor-top-section elementor-element elementor-element-7fad9b4 elementor-section-boxed elementor-section-height-default elementor-section-height-default\" data-id=\"7fad9b4\" data-element_type=\"section\">\n\t\t\t\t\t\t<div class=\"elementor-container elementor-column-gap-extended\">\n\t\t\t\t\t<div class=\"elementor-column elementor-col-100 elementor-top-column elementor-element elementor-element-246e793 sc_inner_width_none sc_layouts_column_icons_position_left\" data-id=\"246e793\" data-element_type=\"column\">\n\t\t\t<div class=\"elementor-widget-wrap elementor-element-populated\">\n\t\t\t\t\t\t\t\t<div class=\"elementor-element elementor-element-e1f2337 sc_fly_static elementor-widget elementor-widget-trx_widget_slider\" data-id=\"e1f2337\" data-element_type=\"widget\" data-widget_type=\"trx_widget_slider.default\">\n\t\t\t\t<div class=\"elementor-widget-container\">\n\t\t\t<div id=\"trx_widget_slider_2047194858\" class=\"widget_area sc_widget_slider\"><aside id=\"trx_widget_slider_2047194858_widget\" class=\"widget widget_slider\">\t\t\t<div class=\"slider_wrap slider_engine_swiper\">\n\t\t\t\t<div id=\"trx_widget_slider_2047194858_outer\" class=\"slider_outer slider_swiper_outer slider_style_default slider_outer_direction_horizontal slider_outer_one slider_outer_pagination slider_outer_pagination_bullets slider_outer_pagination_pos_bottom slider_outer_nocontrols slider_outer_nocentered slider_outer_overflow_hidden slider_outer_titles_center\"><div id=\"trx_widget_slider_2047194858_swiper\" class=\"slider_container slider_swiper swiper-slider-container slider_nocontrols slider_nocentered slider_overflow_hidden slider_titles_center slider_resize slider_swipe slider_height_fixed slider_direction_horizontal slider_pagination slider_pagination_bullets slider_pagination_pos_bottom slider_one slider_type_bg\" data-ratio=\"16:9\" data-interval=\"7000\" data-effect=\"slide\" data-pagination=\"bullets\" data-direction=\"horizontal\" data-slides-per-view=\"1\" data-slides-space=\"0\" data-slides-centered=\"0\" data-slides-overflow=\"0\" data-mouse-wheel=\"0\" data-autoplay=\"1\" data-slides-min-width=\"150\" style=\"height:350px;\"><div class=\"slider-wrapper swiper-wrapper\"><div  class=\"slider-slide swiper-slide\" data-image=\"\/\/football4inclusion.com\/wp-content\/uploads\/2023\/12\/Bild2.png\" style=\"background-image:url(\/\/football4inclusion.com\/wp-content\/uploads\/2023\/12\/Bild2.png);\"><\/div><div  class=\"slider-slide swiper-slide\" data-image=\"\/\/football4inclusion.com\/wp-content\/uploads\/2023\/12\/DSC_0060-scaled.jpg\" style=\"background-image:url(\/\/football4inclusion.com\/wp-content\/uploads\/2023\/12\/DSC_0060-scaled.jpg);\"><\/div><\/div><!-- \/.slider-wrapper --><div class=\"slider_pagination_wrap swiper-pagination\"><\/div><\/div><!-- \/.slider_container --><\/div><!-- \/.slider_outer -->\t\t\t<\/div>\n\t\t\t<\/aside><\/div>\t\t<\/div>\n\t\t\t\t<\/div>\n\t\t\t\t\t<\/div>\n\t\t<\/div>\n\t\t\t\t\t\t\t<\/div>\n\t\t<\/section>\n\t\t\t\t\t\t\t<\/div>","protected":false},"excerpt":{"rendered":"<p>Woman Power FF17-Juniorinnen F\u00fcr uns ist es von grosser Bedeutung, dass M\u00e4dchen aus der regionalen Nachwuchsf\u00f6rderung die gleichwertige M\u00f6glichkeit haben, am Turnier teilzunehmen. Wir m\u00f6chten unseren Beitrag leisten, den Schweizer Frauenfussball zu f\u00f6rdern. Zus\u00e4tzlich werden auch die FF17-Juniorinnen an&hellip;<\/p>","protected":false},"author":1,"featured_media":0,"parent":0,"menu_order":0,"comment_status":"closed","ping_status":"closed","template":"","meta":{"footnotes":""},"class_list":["post-4813","page","type-page","status-publish","hentry"],"acf":[],"_links":{"self":[{"href":"https:\/\/football4inclusion.com\/en\/wp-json\/wp\/v2\/pages\/4813","targetHints":{"allow":["GET"]}}],"collection":[{"href":"https:\/\/football4inclusion.com\/en\/wp-json\/wp\/v2\/pages"}],"about":[{"href":"https:\/\/football4inclusion.com\/en\/wp-json\/wp\/v2\/types\/page"}],"author":[{"embeddable":true,"href":"https:\/\/football4inclusion.com\/en\/wp-json\/wp\/v2\/users\/1"}],"replies":[{"embeddable":true,"href":"https:\/\/football4inclusion.com\/en\/wp-json\/wp\/v2\/comments?post=4813"}],"version-history":[{"count":14,"href":"https:\/\/football4inclusion.com\/en\/wp-json\/wp\/v2\/pages\/4813\/revisions"}],"predecessor-version":[{"id":7788,"href":"https:\/\/football4inclusion.com\/en\/wp-json\/wp\/v2\/pages\/4813\/revisions\/7788"}],"wp:attachment":[{"href":"https:\/\/football4inclusion.com\/en\/wp-json\/wp\/v2\/media?parent=4813"}],"curies":[{"name":"wp","href":"https:\/\/api.w.org\/{rel}","templated":true}]}}